{"id":1103,"date":"2025-09-16T16:57:24","date_gmt":"2025-09-16T14:57:24","guid":{"rendered":"https:\/\/bellmann-silenzio.de\/?page_id=1103"},"modified":"2025-10-07T22:44:44","modified_gmt":"2025-10-07T20:44:44","slug":"funktionsweise-v2","status":"publish","type":"page","link":"https:\/\/bellmann-silenzio.de\/en\/funktionsweise-v2\/","title":{"rendered":"Funktionsweise Bellmann Silenzio"},"content":{"rendered":"<div data-elementor-type=\"wp-page\" data-elementor-id=\"1103\" class=\"elementor elementor-1103\" data-elementor-post-type=\"page\">\n\t\t\t\t<div class=\"elementor-element elementor-element-399ac15b e-flex e-con-boxed e-con e-parent\" data-id=\"399ac15b\" data-element_type=\"container\" data-e-type=\"container\" data-settings=\"{&quot;background_background&quot;:&quot;classic&quot;}\">\n\t\t\t\t\t<div class=\"e-con-inner\">\n\t\t\t\t<div class=\"elementor-element elementor-element-52905990 elementor-widget elementor-widget-spacer\" data-id=\"52905990\" data-element_type=\"widget\" data-e-type=\"widget\" data-widget_type=\"spacer.default\">\n\t\t\t\t<div class=\"elementor-widget-container\">\n\t\t\t\t\t\t\t<div class=\"elementor-spacer\">\n\t\t\t<div class=\"elementor-spacer-inner\"><\/div>\n\t\t<\/div>\n\t\t\t\t\t\t<\/div>\n\t\t\t\t<\/div>\n\t\t<div class=\"elementor-element elementor-element-5c84f937 e-con-full e-flex e-con e-child\" data-id=\"5c84f937\" data-element_type=\"container\" data-e-type=\"container\">\n\t\t<div class=\"elementor-element elementor-element-3ddc2b71 e-grid e-con-full e-con e-child\" data-id=\"3ddc2b71\" data-element_type=\"container\" data-e-type=\"container\">\n\t\t<div class=\"elementor-element elementor-element-7cbf201a e-con-full e-flex e-con e-child\" data-id=\"7cbf201a\" data-element_type=\"container\" data-e-type=\"container\">\n\t\t\t\t<div class=\"elementor-element elementor-element-2ec18e64 animated-fast elementor-invisible elementor-widget elementor-widget-heading\" data-id=\"2ec18e64\" data-element_type=\"widget\" data-e-type=\"widget\" data-settings=\"{&quot;_animation&quot;:&quot;slideInRight&quot;}\" data-widget_type=\"heading.default\">\n\t\t\t\t<div class=\"elementor-widget-container\">\n\t\t\t\t\t<h2 class=\"elementor-heading-title elementor-size-default\">Ihr L\u00e4rmschutz Partner<\/h2>\t\t\t\t<\/div>\n\t\t\t\t<\/div>\n\t\t\t\t<div class=\"elementor-element elementor-element-63bee2f8 elementor-widget elementor-widget-heading\" data-id=\"63bee2f8\" data-element_type=\"widget\" data-e-type=\"widget\" data-widget_type=\"heading.default\">\n\t\t\t\t<div class=\"elementor-widget-container\">\n\t\t\t\t\t<h2 class=\"elementor-heading-title elementor-size-default\">How silenzio works<\/h2>\t\t\t\t<\/div>\n\t\t\t\t<\/div>\n\t\t\t\t<div class=\"elementor-element elementor-element-6dbeaa3f elementor-widget elementor-widget-text-editor\" data-id=\"6dbeaa3f\" data-element_type=\"widget\" data-e-type=\"widget\" data-widget_type=\"text-editor.default\">\n\t\t\t\t<div class=\"elementor-widget-container\">\n\t\t\t\t\t\t\t\t\t<p>With silenzio, we offer a unique way to reduce noise and guarantee fresh air!<br \/>Ideal for\u00a0<span style=\"letter-spacing: 0px; word-spacing: 0em;\">Renovation &amp; commercial new build or conversion<\/span><\/p>\t\t\t\t\t\t\t\t<\/div>\n\t\t\t\t<\/div>\n\t\t\t\t<\/div>\n\t\t\t\t<div class=\"elementor-element elementor-element-3a76e321 elementor-widget elementor-widget-image\" data-id=\"3a76e321\" data-element_type=\"widget\" data-e-type=\"widget\" data-widget_type=\"image.default\">\n\t\t\t\t<div class=\"elementor-widget-container\">\n\t\t\t\t\t\t\t\t\t\t\t\t\t\t\t<img fetchpriority=\"high\" decoding=\"async\" width=\"500\" height=\"500\" src=\"https:\/\/bellmann-silenzio.de\/wp-content\/uploads\/2025\/06\/Silenzio-Showcase-mit-Logo_web.jpg\" class=\"attachment-medium_large size-medium_large wp-image-756\" alt=\"\" srcset=\"https:\/\/bellmann-silenzio.de\/wp-content\/uploads\/2025\/06\/Silenzio-Showcase-mit-Logo_web.jpg 500w, https:\/\/bellmann-silenzio.de\/wp-content\/uploads\/2025\/06\/Silenzio-Showcase-mit-Logo_web-300x300.jpg 300w, https:\/\/bellmann-silenzio.de\/wp-content\/uploads\/2025\/06\/Silenzio-Showcase-mit-Logo_web-150x150.jpg 150w, https:\/\/bellmann-silenzio.de\/wp-content\/uploads\/2025\/06\/Silenzio-Showcase-mit-Logo_web-12x12.jpg 12w\" sizes=\"(max-width: 500px) 100vw, 500px\" \/>\t\t\t\t\t\t\t\t\t\t\t\t\t\t\t<\/div>\n\t\t\t\t<\/div>\n\t\t\t\t<\/div>\n\t\t\t\t<\/div>\n\t\t\t\t\t<\/div>\n\t\t\t\t<\/div>\n\t\t<div class=\"elementor-element elementor-element-11c5a3ca e-flex e-con-boxed e-con e-parent\" data-id=\"11c5a3ca\" data-element_type=\"container\" data-e-type=\"container\" data-settings=\"{&quot;background_background&quot;:&quot;classic&quot;}\">\n\t\t\t\t\t<div class=\"e-con-inner\">\n\t\t<div class=\"elementor-element elementor-element-1941924 e-con-full e-flex e-con e-child\" data-id=\"1941924\" data-element_type=\"container\" data-e-type=\"container\">\n\t\t\t\t<div class=\"elementor-element elementor-element-b6602a3 elementor-widget elementor-widget-menu-anchor\" data-id=\"b6602a3\" data-element_type=\"widget\" data-e-type=\"widget\" data-widget_type=\"menu-anchor.default\">\n\t\t\t\t<div class=\"elementor-widget-container\">\n\t\t\t\t\t\t\t<div class=\"elementor-menu-anchor\" id=\"fenster\"><\/div>\n\t\t\t\t\t\t<\/div>\n\t\t\t\t<\/div>\n\t\t\t\t<div class=\"elementor-element elementor-element-039cbb8 elementor-widget elementor-widget-image\" data-id=\"039cbb8\" data-element_type=\"widget\" data-e-type=\"widget\" data-widget_type=\"image.default\">\n\t\t\t\t<div class=\"elementor-widget-container\">\n\t\t\t\t\t\t\t\t\t\t\t\t\t\t\t<img decoding=\"async\" width=\"768\" height=\"768\" src=\"https:\/\/bellmann-silenzio.de\/wp-content\/uploads\/2025\/09\/silenzio-768x768.png\" class=\"attachment-medium_large size-medium_large wp-image-1111\" alt=\"\" srcset=\"https:\/\/bellmann-silenzio.de\/wp-content\/uploads\/2025\/09\/silenzio-768x768.png 768w, https:\/\/bellmann-silenzio.de\/wp-content\/uploads\/2025\/09\/silenzio-300x300.png 300w, https:\/\/bellmann-silenzio.de\/wp-content\/uploads\/2025\/09\/silenzio-1024x1024.png 1024w, https:\/\/bellmann-silenzio.de\/wp-content\/uploads\/2025\/09\/silenzio-150x150.png 150w, https:\/\/bellmann-silenzio.de\/wp-content\/uploads\/2025\/09\/silenzio-12x12.png 12w, https:\/\/bellmann-silenzio.de\/wp-content\/uploads\/2025\/09\/silenzio.png 1500w\" sizes=\"(max-width: 768px) 100vw, 768px\" \/>\t\t\t\t\t\t\t\t\t\t\t\t\t\t\t<\/div>\n\t\t\t\t<\/div>\n\t\t\t\t<\/div>\n\t\t<div class=\"elementor-element elementor-element-604b7171 e-con-full e-flex e-con e-child\" data-id=\"604b7171\" data-element_type=\"container\" data-e-type=\"container\">\n\t\t\t\t<div class=\"elementor-element elementor-element-21289e2c animated-slow elementor-invisible elementor-widget elementor-widget-heading\" data-id=\"21289e2c\" data-element_type=\"widget\" data-e-type=\"widget\" data-settings=\"{&quot;_animation&quot;:&quot;slideInUp&quot;}\" data-widget_type=\"heading.default\">\n\t\t\t\t<div class=\"elementor-widget-container\">\n\t\t\t\t\t<h2 class=\"elementor-heading-title elementor-size-default\">Intelligente Luftzirkulation<\/h2>\t\t\t\t<\/div>\n\t\t\t\t<\/div>\n\t\t\t\t<div class=\"elementor-element elementor-element-4c8cf7a7 elementor-widget elementor-widget-heading\" data-id=\"4c8cf7a7\" data-element_type=\"widget\" data-e-type=\"widget\" data-widget_type=\"heading.default\">\n\t\t\t\t<div class=\"elementor-widget-container\">\n\t\t\t\t\t<h2 class=\"elementor-heading-title elementor-size-default\">Geschlossenes VS \noffenes Fenster<\/h2>\t\t\t\t<\/div>\n\t\t\t\t<\/div>\n\t\t\t\t<div class=\"elementor-element elementor-element-c5969e4 elementor-widget elementor-widget-text-editor\" data-id=\"c5969e4\" data-element_type=\"widget\" data-e-type=\"widget\" data-widget_type=\"text-editor.default\">\n\t\t\t\t<div class=\"elementor-widget-container\">\n\t\t\t\t\t\t\t\t\t<p>When closed, the air (optionally with low-noise fans) circulates from top to bottom. This ensures a constant supply of fresh air with a noise reduction of 53 dB. The existing window is closed in this state.<\/p><p>When the existing window is open, a sound reduction of 36 dB (silenzio + double insulating glazing) is achieved.<\/p>\t\t\t\t\t\t\t\t<\/div>\n\t\t\t\t<\/div>\n\t\t\t\t<div class=\"elementor-element elementor-element-885fd9d elementor-align-center elementor-mobile-align-center elementor-widget elementor-widget-button\" data-id=\"885fd9d\" data-element_type=\"widget\" data-e-type=\"widget\" data-widget_type=\"button.default\">\n\t\t\t\t<div class=\"elementor-widget-container\">\n\t\t\t\t\t\t\t\t\t<div class=\"elementor-button-wrapper\">\n\t\t\t\t\t<a class=\"elementor-button elementor-button-link elementor-size-lg elementor-animation-grow\" href=\"https:\/\/bellmann-silenzio.de\/en\/kontakt\/\">\n\t\t\t\t\t\t<span class=\"elementor-button-content-wrapper\">\n\t\t\t\t\t\t\t\t\t<span class=\"elementor-button-text\">Mehr Infos<\/span>\n\t\t\t\t\t<\/span>\n\t\t\t\t\t<\/a>\n\t\t\t\t<\/div>\n\t\t\t\t\t\t\t\t<\/div>\n\t\t\t\t<\/div>\n\t\t\t\t<\/div>\n\t\t\t\t\t<\/div>\n\t\t\t\t<\/div>\n\t\t<div class=\"elementor-element elementor-element-594b757c e-flex e-con-boxed e-con e-parent\" data-id=\"594b757c\" data-element_type=\"container\" data-e-type=\"container\" data-settings=\"{&quot;background_background&quot;:&quot;classic&quot;}\">\n\t\t\t\t\t<div class=\"e-con-inner\">\n\t\t\t\t<div class=\"elementor-element elementor-element-8e29299 elementor-widget elementor-widget-menu-anchor\" data-id=\"8e29299\" data-element_type=\"widget\" data-e-type=\"widget\" data-widget_type=\"menu-anchor.default\">\n\t\t\t\t<div class=\"elementor-widget-container\">\n\t\t\t\t\t\t\t<div class=\"elementor-menu-anchor\" id=\"techdatenblatt\"><\/div>\n\t\t\t\t\t\t<\/div>\n\t\t\t\t<\/div>\n\t\t\t\t<div class=\"elementor-element elementor-element-5d487af elementor-widget elementor-widget-image\" data-id=\"5d487af\" data-element_type=\"widget\" data-e-type=\"widget\" data-widget_type=\"image.default\">\n\t\t\t\t<div class=\"elementor-widget-container\">\n\t\t\t\t\t\t\t\t\t\t\t\t\t\t\t<img decoding=\"async\" width=\"500\" height=\"500\" src=\"https:\/\/bellmann-silenzio.de\/wp-content\/uploads\/2025\/09\/technisches_datenblatt-silenzio.png\" class=\"attachment-large size-large wp-image-1104\" alt=\"\" srcset=\"https:\/\/bellmann-silenzio.de\/wp-content\/uploads\/2025\/09\/technisches_datenblatt-silenzio.png 500w, https:\/\/bellmann-silenzio.de\/wp-content\/uploads\/2025\/09\/technisches_datenblatt-silenzio-300x300.png 300w, https:\/\/bellmann-silenzio.de\/wp-content\/uploads\/2025\/09\/technisches_datenblatt-silenzio-150x150.png 150w, https:\/\/bellmann-silenzio.de\/wp-content\/uploads\/2025\/09\/technisches_datenblatt-silenzio-12x12.png 12w\" sizes=\"(max-width: 500px) 100vw, 500px\" \/>\t\t\t\t\t\t\t\t\t\t\t\t\t\t\t<\/div>\n\t\t\t\t<\/div>\n\t\t\t\t<div class=\"elementor-element elementor-element-6eb2b67 elementor-widget elementor-widget-menu-anchor\" data-id=\"6eb2b67\" data-element_type=\"widget\" data-e-type=\"widget\" data-widget_type=\"menu-anchor.default\">\n\t\t\t\t<div class=\"elementor-widget-container\">\n\t\t\t\t\t\t\t<div class=\"elementor-menu-anchor\" id=\"datenblatt\"><\/div>\n\t\t\t\t\t\t<\/div>\n\t\t\t\t<\/div>\n\t\t\t\t<div class=\"elementor-element elementor-element-c432c98 elementor-widget elementor-widget-menu-anchor\" data-id=\"c432c98\" data-element_type=\"widget\" data-e-type=\"widget\" data-widget_type=\"menu-anchor.default\">\n\t\t\t\t<div class=\"elementor-widget-container\">\n\t\t\t\t\t\t\t<div class=\"elementor-menu-anchor\" id=\"datenblatt\"><\/div>\n\t\t\t\t\t\t<\/div>\n\t\t\t\t<\/div>\n\t\t<div class=\"elementor-element elementor-element-41e0651e e-con-full e-flex e-con e-child\" data-id=\"41e0651e\" data-element_type=\"container\" data-e-type=\"container\">\n\t\t\t\t<div class=\"elementor-element elementor-element-680b9f3c animated-slow elementor-invisible elementor-widget elementor-widget-heading\" data-id=\"680b9f3c\" data-element_type=\"widget\" data-e-type=\"widget\" data-settings=\"{&quot;_animation&quot;:&quot;slideInUp&quot;}\" data-widget_type=\"heading.default\">\n\t\t\t\t<div class=\"elementor-widget-container\">\n\t\t\t\t\t<h2 class=\"elementor-heading-title elementor-size-default\">Von Experten gepr\u00fcft<\/h2>\t\t\t\t<\/div>\n\t\t\t\t<\/div>\n\t\t\t\t<div class=\"elementor-element elementor-element-5e0183f1 elementor-widget elementor-widget-heading\" data-id=\"5e0183f1\" data-element_type=\"widget\" data-e-type=\"widget\" data-widget_type=\"heading.default\">\n\t\t\t\t<div class=\"elementor-widget-container\">\n\t\t\t\t\t<h2 class=\"elementor-heading-title elementor-size-default\">Technisches Datenblatt<\/h2>\t\t\t\t<\/div>\n\t\t\t\t<\/div>\n\t\t\t\t<div class=\"elementor-element elementor-element-e4ad945 elementor-widget elementor-widget-text-editor\" data-id=\"e4ad945\" data-element_type=\"widget\" data-e-type=\"widget\" data-widget_type=\"text-editor.default\">\n\t\t\t\t<div class=\"elementor-widget-container\">\n\t\t\t\t\t\t\t\t\t<p>silenzio is already being used in Munich to reduce noise and is supported by the<br \/>\u201cLiving without noise\u201d funding program of the City of Munich.<\/p><p>It allows for good ventilation while reducing noise from busy roads.<\/p><p>Thanks to its special design, living spaces also remain<br \/>quiet when the window is open, which significantly improves living comfort along noisy streets.<\/p>\t\t\t\t\t\t\t\t<\/div>\n\t\t\t\t<\/div>\n\t\t\t\t<div class=\"elementor-element elementor-element-3e342683 elementor-align-left elementor-tablet-align-center elementor-widget elementor-widget-button\" data-id=\"3e342683\" data-element_type=\"widget\" data-e-type=\"widget\" data-widget_type=\"button.default\">\n\t\t\t\t<div class=\"elementor-widget-container\">\n\t\t\t\t\t\t\t\t\t<div class=\"elementor-button-wrapper\">\n\t\t\t\t\t<a class=\"elementor-button elementor-button-link elementor-size-lg elementor-animation-grow\" href=\"https:\/\/bellmann-silenzio.de\/wp-content\/uploads\/2025\/06\/2025-06_Technisches-Datenblatt-SILENZIO-20.pdf\" target=\"_blank\">\n\t\t\t\t\t\t<span class=\"elementor-button-content-wrapper\">\n\t\t\t\t\t\t\t\t\t<span class=\"elementor-button-text\">Download Technisches Datenblatt<\/span>\n\t\t\t\t\t<\/span>\n\t\t\t\t\t<\/a>\n\t\t\t\t<\/div>\n\t\t\t\t\t\t\t\t<\/div>\n\t\t\t\t<\/div>\n\t\t\t\t<\/div>\n\t\t\t\t\t<\/div>\n\t\t\t\t<\/div>\n\t\t\t\t<\/div>","protected":false},"excerpt":{"rendered":"<p>Ihr L\u00e4rmschutz Partner Funktionsweise silenzio Mit silenzio bieten wir eine einzigartige M\u00f6glichkeit L\u00e4rm zu reduzieren und Frischluft zu garantieren!Ideal f\u00fcr\u00a0Sanierung &amp; gewerbenahe Wohnneubau oder Umnutzung Intelligente Luftzirkulation Geschlossenes VS offenes Fenster Im geschlossenen Zustand zirkuliert die Luft (optional mit ger\u00e4uscharmen L\u00fcftern) von oben nach unten. Dadurch wird eine konstante Frischluftzufuhr bei einer Schallreduzierung von 53 [&hellip;]<\/p>","protected":false},"author":1,"featured_media":0,"parent":0,"menu_order":0,"comment_status":"closed","ping_status":"closed","template":"elementor_header_footer","meta":{"footnotes":""},"class_list":["post-1103","page","type-page","status-publish","hentry"],"yoast_head":"<!-- This site is optimized with the Yoast SEO plugin v26.0 - https:\/\/yoast.com\/wordpress\/plugins\/seo\/ -->\n<title>Funktionsweise Silenzio zur L\u00e4rmreduktion - Silenzio Schallschutz Fenster<\/title>\n<meta name=\"description\" content=\"Entdecken Sie die Vorteile der Funktionsweise silenzio f\u00fcr mehr Wohnkomfort und effektive L\u00e4rmminderung in urbanen Gebieten.\" \/>\n<meta name=\"robots\" content=\"index, follow, max-snippet:-1, max-image-preview:large, max-video-preview:-1\" \/>\n<link rel=\"canonical\" href=\"https:\/\/bellmann-silenzio.de\/en\/funktionsweise-v2\/\" \/>\n<meta property=\"og:locale\" content=\"en_GB\" \/>\n<meta property=\"og:type\" content=\"article\" \/>\n<meta property=\"og:title\" content=\"Funktionsweise Silenzio zur L\u00e4rmreduktion - Silenzio Schallschutz Fenster\" \/>\n<meta property=\"og:description\" content=\"Entdecken Sie die Vorteile der Funktionsweise silenzio f\u00fcr mehr Wohnkomfort und effektive L\u00e4rmminderung in urbanen Gebieten.\" \/>\n<meta property=\"og:url\" content=\"https:\/\/bellmann-silenzio.de\/en\/funktionsweise-v2\/\" \/>\n<meta property=\"og:site_name\" content=\"Silenzio Schallschutz Fenster\" \/>\n<meta property=\"article:modified_time\" content=\"2025-10-07T20:44:44+00:00\" \/>\n<meta property=\"og:image\" content=\"https:\/\/bellmann-silenzio.de\/wp-content\/uploads\/2025\/06\/Silenzio-Showcase-mit-Logo_web.jpg\" \/>\n\t<meta property=\"og:image:width\" content=\"500\" \/>\n\t<meta property=\"og:image:height\" content=\"500\" \/>\n\t<meta property=\"og:image:type\" content=\"image\/jpeg\" \/>\n<meta name=\"twitter:card\" content=\"summary_large_image\" \/>\n<meta name=\"twitter:label1\" content=\"Estimated reading time\" \/>\n\t<meta name=\"twitter:data1\" content=\"2 minutes\" \/>\n<script type=\"application\/ld+json\" class=\"yoast-schema-graph\">{\"@context\":\"https:\/\/schema.org\",\"@graph\":[{\"@type\":\"WebPage\",\"@id\":\"https:\/\/bellmann-silenzio.de\/funktionsweise-v2\/\",\"url\":\"https:\/\/bellmann-silenzio.de\/funktionsweise-v2\/\",\"name\":\"Funktionsweise Silenzio zur L\u00e4rmreduktion - Silenzio Schallschutz Fenster\",\"isPartOf\":{\"@id\":\"https:\/\/bellmann-silenzio.de\/en\/#website\"},\"primaryImageOfPage\":{\"@id\":\"https:\/\/bellmann-silenzio.de\/funktionsweise-v2\/#primaryimage\"},\"image\":{\"@id\":\"https:\/\/bellmann-silenzio.de\/funktionsweise-v2\/#primaryimage\"},\"thumbnailUrl\":\"https:\/\/bellmann-silenzio.de\/wp-content\/uploads\/2025\/06\/Silenzio-Showcase-mit-Logo_web.jpg\",\"datePublished\":\"2025-09-16T14:57:24+00:00\",\"dateModified\":\"2025-10-07T20:44:44+00:00\",\"description\":\"Entdecken Sie die Vorteile der Funktionsweise silenzio f\u00fcr mehr Wohnkomfort und effektive L\u00e4rmminderung in urbanen Gebieten.\",\"breadcrumb\":{\"@id\":\"https:\/\/bellmann-silenzio.de\/funktionsweise-v2\/#breadcrumb\"},\"inLanguage\":\"en-GB\",\"potentialAction\":[{\"@type\":\"ReadAction\",\"target\":[\"https:\/\/bellmann-silenzio.de\/funktionsweise-v2\/\"]}]},{\"@type\":\"ImageObject\",\"inLanguage\":\"en-GB\",\"@id\":\"https:\/\/bellmann-silenzio.de\/funktionsweise-v2\/#primaryimage\",\"url\":\"https:\/\/bellmann-silenzio.de\/wp-content\/uploads\/2025\/06\/Silenzio-Showcase-mit-Logo_web.jpg\",\"contentUrl\":\"https:\/\/bellmann-silenzio.de\/wp-content\/uploads\/2025\/06\/Silenzio-Showcase-mit-Logo_web.jpg\"},{\"@type\":\"BreadcrumbList\",\"@id\":\"https:\/\/bellmann-silenzio.de\/funktionsweise-v2\/#breadcrumb\",\"itemListElement\":[{\"@type\":\"ListItem\",\"position\":1,\"name\":\"Startseite\",\"item\":\"https:\/\/bellmann-silenzio.de\/\"},{\"@type\":\"ListItem\",\"position\":2,\"name\":\"Funktionsweise Bellmann Silenzio\"}]},{\"@type\":\"WebSite\",\"@id\":\"https:\/\/bellmann-silenzio.de\/en\/#website\",\"url\":\"https:\/\/bellmann-silenzio.de\/en\/\",\"name\":\"Silenzio Schallschutz Fenster\",\"description\":\"\",\"publisher\":{\"@id\":\"https:\/\/bellmann-silenzio.de\/en\/#organization\"},\"potentialAction\":[{\"@type\":\"SearchAction\",\"target\":{\"@type\":\"EntryPoint\",\"urlTemplate\":\"https:\/\/bellmann-silenzio.de\/en\/?s={search_term_string}\"},\"query-input\":{\"@type\":\"PropertyValueSpecification\",\"valueRequired\":true,\"valueName\":\"search_term_string\"}}],\"inLanguage\":\"en-GB\"},{\"@type\":\"Organization\",\"@id\":\"https:\/\/bellmann-silenzio.de\/en\/#organization\",\"name\":\"Bellmann\",\"url\":\"https:\/\/bellmann-silenzio.de\/en\/\",\"logo\":{\"@type\":\"ImageObject\",\"inLanguage\":\"en-GB\",\"@id\":\"https:\/\/bellmann-silenzio.de\/en\/#\/schema\/logo\/image\/\",\"url\":\"https:\/\/bellmann-silenzio.de\/wp-content\/uploads\/2024\/01\/2023-11-03_logo_silenzio_RGB.jpg\",\"contentUrl\":\"https:\/\/bellmann-silenzio.de\/wp-content\/uploads\/2024\/01\/2023-11-03_logo_silenzio_RGB.jpg\",\"width\":500,\"height\":354,\"caption\":\"Bellmann\"},\"image\":{\"@id\":\"https:\/\/bellmann-silenzio.de\/en\/#\/schema\/logo\/image\/\"},\"sameAs\":[\"https:\/\/www.youtube.com\/@BellmannSilenzio\"]}]}<\/script>\n<!-- \/ Yoast SEO plugin. -->","yoast_head_json":{"title":"Funktionsweise Silenzio zur L\u00e4rmreduktion - Silenzio Schallschutz Fenster","description":"Entdecken Sie die Vorteile der Funktionsweise silenzio f\u00fcr mehr Wohnkomfort und effektive L\u00e4rmminderung in urbanen Gebieten.","robots":{"index":"index","follow":"follow","max-snippet":"max-snippet:-1","max-image-preview":"max-image-preview:large","max-video-preview":"max-video-preview:-1"},"canonical":"https:\/\/bellmann-silenzio.de\/en\/funktionsweise-v2\/","og_locale":"en_GB","og_type":"article","og_title":"Funktionsweise Silenzio zur L\u00e4rmreduktion - Silenzio Schallschutz Fenster","og_description":"Entdecken Sie die Vorteile der Funktionsweise silenzio f\u00fcr mehr Wohnkomfort und effektive L\u00e4rmminderung in urbanen Gebieten.","og_url":"https:\/\/bellmann-silenzio.de\/en\/funktionsweise-v2\/","og_site_name":"Silenzio Schallschutz Fenster","article_modified_time":"2025-10-07T20:44:44+00:00","og_image":[{"width":500,"height":500,"url":"https:\/\/bellmann-silenzio.de\/wp-content\/uploads\/2025\/06\/Silenzio-Showcase-mit-Logo_web.jpg","type":"image\/jpeg"}],"twitter_card":"summary_large_image","twitter_misc":{"Estimated reading time":"2 minutes"},"schema":{"@context":"https:\/\/schema.org","@graph":[{"@type":"WebPage","@id":"https:\/\/bellmann-silenzio.de\/funktionsweise-v2\/","url":"https:\/\/bellmann-silenzio.de\/funktionsweise-v2\/","name":"Funktionsweise Silenzio zur L\u00e4rmreduktion - Silenzio Schallschutz Fenster","isPartOf":{"@id":"https:\/\/bellmann-silenzio.de\/en\/#website"},"primaryImageOfPage":{"@id":"https:\/\/bellmann-silenzio.de\/funktionsweise-v2\/#primaryimage"},"image":{"@id":"https:\/\/bellmann-silenzio.de\/funktionsweise-v2\/#primaryimage"},"thumbnailUrl":"https:\/\/bellmann-silenzio.de\/wp-content\/uploads\/2025\/06\/Silenzio-Showcase-mit-Logo_web.jpg","datePublished":"2025-09-16T14:57:24+00:00","dateModified":"2025-10-07T20:44:44+00:00","description":"Entdecken Sie die Vorteile der Funktionsweise silenzio f\u00fcr mehr Wohnkomfort und effektive L\u00e4rmminderung in urbanen Gebieten.","breadcrumb":{"@id":"https:\/\/bellmann-silenzio.de\/funktionsweise-v2\/#breadcrumb"},"inLanguage":"en-GB","potentialAction":[{"@type":"ReadAction","target":["https:\/\/bellmann-silenzio.de\/funktionsweise-v2\/"]}]},{"@type":"ImageObject","inLanguage":"en-GB","@id":"https:\/\/bellmann-silenzio.de\/funktionsweise-v2\/#primaryimage","url":"https:\/\/bellmann-silenzio.de\/wp-content\/uploads\/2025\/06\/Silenzio-Showcase-mit-Logo_web.jpg","contentUrl":"https:\/\/bellmann-silenzio.de\/wp-content\/uploads\/2025\/06\/Silenzio-Showcase-mit-Logo_web.jpg"},{"@type":"BreadcrumbList","@id":"https:\/\/bellmann-silenzio.de\/funktionsweise-v2\/#breadcrumb","itemListElement":[{"@type":"ListItem","position":1,"name":"Startseite","item":"https:\/\/bellmann-silenzio.de\/"},{"@type":"ListItem","position":2,"name":"Funktionsweise Bellmann Silenzio"}]},{"@type":"WebSite","@id":"https:\/\/bellmann-silenzio.de\/en\/#website","url":"https:\/\/bellmann-silenzio.de\/en\/","name":"Silenzio Schallschutz Fenster","description":"","publisher":{"@id":"https:\/\/bellmann-silenzio.de\/en\/#organization"},"potentialAction":[{"@type":"SearchAction","target":{"@type":"EntryPoint","urlTemplate":"https:\/\/bellmann-silenzio.de\/en\/?s={search_term_string}"},"query-input":{"@type":"PropertyValueSpecification","valueRequired":true,"valueName":"search_term_string"}}],"inLanguage":"en-GB"},{"@type":"Organization","@id":"https:\/\/bellmann-silenzio.de\/en\/#organization","name":"Bellmann","url":"https:\/\/bellmann-silenzio.de\/en\/","logo":{"@type":"ImageObject","inLanguage":"en-GB","@id":"https:\/\/bellmann-silenzio.de\/en\/#\/schema\/logo\/image\/","url":"https:\/\/bellmann-silenzio.de\/wp-content\/uploads\/2024\/01\/2023-11-03_logo_silenzio_RGB.jpg","contentUrl":"https:\/\/bellmann-silenzio.de\/wp-content\/uploads\/2024\/01\/2023-11-03_logo_silenzio_RGB.jpg","width":500,"height":354,"caption":"Bellmann"},"image":{"@id":"https:\/\/bellmann-silenzio.de\/en\/#\/schema\/logo\/image\/"},"sameAs":["https:\/\/www.youtube.com\/@BellmannSilenzio"]}]}},"_links":{"self":[{"href":"https:\/\/bellmann-silenzio.de\/en\/wp-json\/wp\/v2\/pages\/1103","targetHints":{"allow":["GET"]}}],"collection":[{"href":"https:\/\/bellmann-silenzio.de\/en\/wp-json\/wp\/v2\/pages"}],"about":[{"href":"https:\/\/bellmann-silenzio.de\/en\/wp-json\/wp\/v2\/types\/page"}],"author":[{"embeddable":true,"href":"https:\/\/bellmann-silenzio.de\/en\/wp-json\/wp\/v2\/users\/1"}],"replies":[{"embeddable":true,"href":"https:\/\/bellmann-silenzio.de\/en\/wp-json\/wp\/v2\/comments?post=1103"}],"version-history":[{"count":10,"href":"https:\/\/bellmann-silenzio.de\/en\/wp-json\/wp\/v2\/pages\/1103\/revisions"}],"predecessor-version":[{"id":1538,"href":"https:\/\/bellmann-silenzio.de\/en\/wp-json\/wp\/v2\/pages\/1103\/revisions\/1538"}],"wp:attachment":[{"href":"https:\/\/bellmann-silenzio.de\/en\/wp-json\/wp\/v2\/media?parent=1103"}],"curies":[{"name":"wp","href":"https:\/\/api.w.org\/{rel}","templated":true}]}}