{"id":1176,"date":"2025-09-17T14:25:26","date_gmt":"2025-09-17T12:25:26","guid":{"rendered":"https:\/\/bellmann-silenzio.de\/?page_id=1176"},"modified":"2025-09-22T20:16:08","modified_gmt":"2025-09-22T18:16:08","slug":"ten-brinke-v2","status":"publish","type":"page","link":"https:\/\/bellmann-silenzio.de\/en\/ten-brinke-v2\/","title":{"rendered":"Projekt Ten Brinke"},"content":{"rendered":"<div data-elementor-type=\"wp-page\" data-elementor-id=\"1176\" class=\"elementor elementor-1176\" data-elementor-post-type=\"page\">\n\t\t\t\t<div class=\"elementor-element elementor-element-3c939fcc e-flex e-con-boxed e-con e-parent\" data-id=\"3c939fcc\" data-element_type=\"container\" data-e-type=\"container\" data-settings=\"{&quot;background_background&quot;:&quot;classic&quot;}\">\n\t\t\t\t\t<div class=\"e-con-inner\">\n\t\t<div class=\"elementor-element elementor-element-ee18bd4 e-con-full e-flex e-con e-child\" data-id=\"ee18bd4\" data-element_type=\"container\" data-e-type=\"container\">\n\t\t\t\t<div class=\"elementor-element elementor-element-e8b0799 elementor-widget elementor-widget-video\" data-id=\"e8b0799\" data-element_type=\"widget\" data-e-type=\"widget\" data-settings=\"{&quot;video_type&quot;:&quot;hosted&quot;,&quot;controls&quot;:&quot;yes&quot;}\" data-widget_type=\"video.default\">\n\t\t\t\t<div class=\"elementor-widget-container\">\n\t\t\t\t\t\t\t<div class=\"e-hosted-video elementor-wrapper elementor-open-inline\">\n\t\t\t\t\t<video class=\"elementor-video\" src=\"https:\/\/bellmann-silenzio.de\/wp-content\/uploads\/2025\/06\/Bellmann-Fenster-2025-Berlin.mp4\" controls=\"\" preload=\"metadata\" controlslist=\"nodownload\" poster=\"https:\/\/bellmann-silenzio.de\/wp-content\/uploads\/2025\/06\/A7_08469-Verbessert-NR.jpg\"><\/video>\n\t\t\t\t<\/div>\n\t\t\t\t\t\t<\/div>\n\t\t\t\t<\/div>\n\t\t\t\t<\/div>\n\t\t<div class=\"elementor-element elementor-element-9fa0143 e-con-full e-flex e-con e-child\" data-id=\"9fa0143\" data-element_type=\"container\" data-e-type=\"container\">\n\t\t\t\t<div class=\"elementor-element elementor-element-1c536155 animated-slow elementor-invisible elementor-widget elementor-widget-heading\" data-id=\"1c536155\" data-element_type=\"widget\" data-e-type=\"widget\" data-settings=\"{&quot;_animation&quot;:&quot;slideInUp&quot;}\" data-widget_type=\"heading.default\">\n\t\t\t\t<div class=\"elementor-widget-container\">\n\t\t\t\t\t<h2 class=\"elementor-heading-title elementor-size-default\">Projekt Ten Brinke<\/h2>\t\t\t\t<\/div>\n\t\t\t\t<\/div>\n\t\t\t\t<div class=\"elementor-element elementor-element-47925a6c elementor-widget elementor-widget-heading\" data-id=\"47925a6c\" data-element_type=\"widget\" data-e-type=\"widget\" data-widget_type=\"heading.default\">\n\t\t\t\t<div class=\"elementor-widget-container\">\n\t\t\t\t\t<h2 class=\"elementor-heading-title elementor-size-default\">Fresh air without noise: the revolution for urban living<\/h2>\t\t\t\t<\/div>\n\t\t\t\t<\/div>\n\t\t\t\t<div class=\"elementor-element elementor-element-781741de elementor-widget elementor-widget-text-editor\" data-id=\"781741de\" data-element_type=\"widget\" data-e-type=\"widget\" data-widget_type=\"text-editor.default\">\n\t\t\t\t<div class=\"elementor-widget-container\">\n\t\t\t\t\t\t\t\t\t<p>Noise pollution in the city? That will soon be history. With Bellmann silenzio windows, you can transform your home into a place of peace and quiet without having to do without fresh air.<\/p><p>Our innovative system offers an impressive noise reduction of\u00a0<strong>Up to 36 dB even with the window open<\/strong>\u00a0and reaches a peak value of\u00a0<strong>53 dB<\/strong>.<\/p><p>Experience a new quality of living - with Bellmann silenzio.<\/p>\t\t\t\t\t\t\t\t<\/div>\n\t\t\t\t<\/div>\n\t\t\t\t<\/div>\n\t\t\t\t\t<\/div>\n\t\t\t\t<\/div>\n\t\t<div class=\"elementor-element elementor-element-508c78e5 e-flex e-con-boxed e-con e-parent\" data-id=\"508c78e5\" data-element_type=\"container\" data-e-type=\"container\" data-settings=\"{&quot;background_background&quot;:&quot;classic&quot;}\">\n\t\t\t\t\t<div class=\"e-con-inner\">\n\t\t\t\t<div class=\"elementor-element elementor-element-11d9671 elementor-widget elementor-widget-spacer\" data-id=\"11d9671\" data-element_type=\"widget\" data-e-type=\"widget\" data-widget_type=\"spacer.default\">\n\t\t\t\t<div class=\"elementor-widget-container\">\n\t\t\t\t\t\t\t<div class=\"elementor-spacer\">\n\t\t\t<div class=\"elementor-spacer-inner\"><\/div>\n\t\t<\/div>\n\t\t\t\t\t\t<\/div>\n\t\t\t\t<\/div>\n\t\t<div class=\"elementor-element elementor-element-5b1a7d28 e-con-full e-flex e-con e-child\" data-id=\"5b1a7d28\" data-element_type=\"container\" data-e-type=\"container\">\n\t\t<div class=\"elementor-element elementor-element-1a89379 e-grid e-con-full e-con e-child\" data-id=\"1a89379\" data-element_type=\"container\" data-e-type=\"container\">\n\t\t<div class=\"elementor-element elementor-element-4d13236 e-con-full e-flex e-con e-child\" data-id=\"4d13236\" data-element_type=\"container\" data-e-type=\"container\">\n\t\t\t\t<div class=\"elementor-element elementor-element-1166af6c animated-fast elementor-invisible elementor-widget elementor-widget-heading\" data-id=\"1166af6c\" data-element_type=\"widget\" data-e-type=\"widget\" data-settings=\"{&quot;_animation&quot;:&quot;slideInRight&quot;}\" data-widget_type=\"heading.default\">\n\t\t\t\t<div class=\"elementor-widget-container\">\n\t\t\t\t\t<h2 class=\"elementor-heading-title elementor-size-default\">Ruhe in Berlin<\/h2>\t\t\t\t<\/div>\n\t\t\t\t<\/div>\n\t\t\t\t<div class=\"elementor-element elementor-element-796861a6 elementor-widget elementor-widget-heading\" data-id=\"796861a6\" data-element_type=\"widget\" data-e-type=\"widget\" data-widget_type=\"heading.default\">\n\t\t\t\t<div class=\"elementor-widget-container\">\n\t\t\t\t\t<h2 class=\"elementor-heading-title elementor-size-default\">Project Ten Brinke Berlin 2025<\/h2>\t\t\t\t<\/div>\n\t\t\t\t<\/div>\n\t\t\t\t<div class=\"elementor-element elementor-element-3c1da7b5 elementor-widget elementor-widget-text-editor\" data-id=\"3c1da7b5\" data-element_type=\"widget\" data-e-type=\"widget\" data-widget_type=\"text-editor.default\">\n\t\t\t\t<div class=\"elementor-widget-container\">\n\t\t\t\t\t\t\t\t\t<p class=\"p1\">Ab Mai 2025 wurden an dem Geb\u00e4ude in der Konrad-Wolf-Stra\u00dfe 45, 13055 Berlin, \u00fcber 200 silenzio Fenster montiert. Im Folgenden finden Sie eine Dokumentationsstrecke.<\/p>\t\t\t\t\t\t\t\t<\/div>\n\t\t\t\t<\/div>\n\t\t\t\t<\/div>\n\t\t\t\t<div class=\"elementor-element elementor-element-eb94d68 elementor-widget elementor-widget-image-gallery\" data-id=\"eb94d68\" data-element_type=\"widget\" data-e-type=\"widget\" data-widget_type=\"image-gallery.default\">\n\t\t\t\t<div class=\"elementor-widget-container\">\n\t\t\t\t\t\t\t<div class=\"elementor-image-gallery\">\n\t\t\t<div id='gallery-1' class='gallery galleryid-1176 gallery-columns-4 gallery-size-thumbnail'><figure class='gallery-item'>\n\t\t\t<div class='gallery-icon landscape'>\n\t\t\t\t<a data-elementor-open-lightbox=\"yes\" data-elementor-lightbox-slideshow=\"eb94d68\" data-elementor-lightbox-title=\"A7_08497-Verbessert-NR\" data-e-action-hash=\"#elementor-action%3Aaction%3Dlightbox%26settings%3DeyJpZCI6NzE5LCJ1cmwiOiJodHRwczpcL1wvYmVsbG1hbm4tc2lsZW56aW8uZGVcL3dwLWNvbnRlbnRcL3VwbG9hZHNcLzIwMjVcLzA2XC9BN18wODQ5Ny1WZXJiZXNzZXJ0LU5SLmpwZyIsInNsaWRlc2hvdyI6ImViOTRkNjgifQ%3D%3D\" href='https:\/\/bellmann-silenzio.de\/wp-content\/uploads\/2025\/06\/A7_08497-Verbessert-NR.jpg'><img decoding=\"async\" width=\"150\" height=\"150\" src=\"https:\/\/bellmann-silenzio.de\/wp-content\/uploads\/2025\/06\/A7_08497-Verbessert-NR-150x150.jpg\" class=\"attachment-thumbnail size-thumbnail\" alt=\"\" aria-describedby=\"gallery-1-719\" \/><\/a>\n\t\t\t<\/div>\n\t\t\t\t<figcaption class='wp-caption-text gallery-caption' id='gallery-1-719'>\n\t\t\t\tBellmann Silzenzio Berlin\n\t\t\t\t<\/figcaption><\/figure><figure class='gallery-item'>\n\t\t\t<div class='gallery-icon landscape'>\n\t\t\t\t<a data-elementor-open-lightbox=\"yes\" data-elementor-lightbox-slideshow=\"eb94d68\" data-elementor-lightbox-title=\"A7_08494-Verbessert-NR\" data-e-action-hash=\"#elementor-action%3Aaction%3Dlightbox%26settings%3DeyJpZCI6NzE4LCJ1cmwiOiJodHRwczpcL1wvYmVsbG1hbm4tc2lsZW56aW8uZGVcL3dwLWNvbnRlbnRcL3VwbG9hZHNcLzIwMjVcLzA2XC9BN18wODQ5NC1WZXJiZXNzZXJ0LU5SLmpwZyIsInNsaWRlc2hvdyI6ImViOTRkNjgifQ%3D%3D\" href='https:\/\/bellmann-silenzio.de\/wp-content\/uploads\/2025\/06\/A7_08494-Verbessert-NR.jpg'><img decoding=\"async\" width=\"150\" height=\"150\" src=\"https:\/\/bellmann-silenzio.de\/wp-content\/uploads\/2025\/06\/A7_08494-Verbessert-NR-150x150.jpg\" class=\"attachment-thumbnail size-thumbnail\" alt=\"\" aria-describedby=\"gallery-1-718\" \/><\/a>\n\t\t\t<\/div>\n\t\t\t\t<figcaption class='wp-caption-text gallery-caption' id='gallery-1-718'>\n\t\t\t\tBellmann Silzenzio Berlin\n\t\t\t\t<\/figcaption><\/figure><figure class='gallery-item'>\n\t\t\t<div class='gallery-icon landscape'>\n\t\t\t\t<a data-elementor-open-lightbox=\"yes\" data-elementor-lightbox-slideshow=\"eb94d68\" data-elementor-lightbox-title=\"A7_08489-Verbessert-NR\" data-e-action-hash=\"#elementor-action%3Aaction%3Dlightbox%26settings%3DeyJpZCI6NzE3LCJ1cmwiOiJodHRwczpcL1wvYmVsbG1hbm4tc2lsZW56aW8uZGVcL3dwLWNvbnRlbnRcL3VwbG9hZHNcLzIwMjVcLzA2XC9BN18wODQ4OS1WZXJiZXNzZXJ0LU5SLmpwZyIsInNsaWRlc2hvdyI6ImViOTRkNjgifQ%3D%3D\" href='https:\/\/bellmann-silenzio.de\/wp-content\/uploads\/2025\/06\/A7_08489-Verbessert-NR.jpg'><img decoding=\"async\" width=\"150\" height=\"150\" src=\"https:\/\/bellmann-silenzio.de\/wp-content\/uploads\/2025\/06\/A7_08489-Verbessert-NR-150x150.jpg\" class=\"attachment-thumbnail size-thumbnail\" alt=\"\" aria-describedby=\"gallery-1-717\" \/><\/a>\n\t\t\t<\/div>\n\t\t\t\t<figcaption class='wp-caption-text gallery-caption' id='gallery-1-717'>\n\t\t\t\tBellmann Silenzio Bohrung\n\t\t\t\t<\/figcaption><\/figure><figure class='gallery-item'>\n\t\t\t<div class='gallery-icon landscape'>\n\t\t\t\t<a data-elementor-open-lightbox=\"yes\" data-elementor-lightbox-slideshow=\"eb94d68\" data-elementor-lightbox-title=\"A7_08477-Verbessert-NR\" data-e-action-hash=\"#elementor-action%3Aaction%3Dlightbox%26settings%3DeyJpZCI6NzE2LCJ1cmwiOiJodHRwczpcL1wvYmVsbG1hbm4tc2lsZW56aW8uZGVcL3dwLWNvbnRlbnRcL3VwbG9hZHNcLzIwMjVcLzA2XC9BN18wODQ3Ny1WZXJiZXNzZXJ0LU5SLmpwZyIsInNsaWRlc2hvdyI6ImViOTRkNjgifQ%3D%3D\" href='https:\/\/bellmann-silenzio.de\/wp-content\/uploads\/2025\/06\/A7_08477-Verbessert-NR.jpg'><img loading=\"lazy\" decoding=\"async\" width=\"150\" height=\"150\" src=\"https:\/\/bellmann-silenzio.de\/wp-content\/uploads\/2025\/06\/A7_08477-Verbessert-NR-150x150.jpg\" class=\"attachment-thumbnail size-thumbnail\" alt=\"\" aria-describedby=\"gallery-1-716\" \/><\/a>\n\t\t\t<\/div>\n\t\t\t\t<figcaption class='wp-caption-text gallery-caption' id='gallery-1-716'>\n\t\t\t\tBellmann Silenzio Bohrung\n\t\t\t\t<\/figcaption><\/figure><figure class='gallery-item'>\n\t\t\t<div class='gallery-icon portrait'>\n\t\t\t\t<a data-elementor-open-lightbox=\"yes\" data-elementor-lightbox-slideshow=\"eb94d68\" data-elementor-lightbox-title=\"_DSC6262-Verbessert-NR\" data-e-action-hash=\"#elementor-action%3Aaction%3Dlightbox%26settings%3DeyJpZCI6NzEwLCJ1cmwiOiJodHRwczpcL1wvYmVsbG1hbm4tc2lsZW56aW8uZGVcL3dwLWNvbnRlbnRcL3VwbG9hZHNcLzIwMjVcLzA2XC9EU0M2MjYyLVZlcmJlc3NlcnQtTlIuanBnIiwic2xpZGVzaG93IjoiZWI5NGQ2OCJ9\" href='https:\/\/bellmann-silenzio.de\/wp-content\/uploads\/2025\/06\/DSC6262-Verbessert-NR.jpg'><img loading=\"lazy\" decoding=\"async\" width=\"150\" height=\"150\" src=\"https:\/\/bellmann-silenzio.de\/wp-content\/uploads\/2025\/06\/DSC6262-Verbessert-NR-150x150.jpg\" class=\"attachment-thumbnail size-thumbnail\" alt=\"\" aria-describedby=\"gallery-1-710\" \/><\/a>\n\t\t\t<\/div>\n\t\t\t\t<figcaption class='wp-caption-text gallery-caption' id='gallery-1-710'>\n\t\t\t\tBellmann Silenzio Bohrung\n\t\t\t\t<\/figcaption><\/figure><figure class='gallery-item'>\n\t\t\t<div class='gallery-icon landscape'>\n\t\t\t\t<a data-elementor-open-lightbox=\"yes\" data-elementor-lightbox-slideshow=\"eb94d68\" data-elementor-lightbox-title=\"_DSC6272-Verbessert-NR\" data-e-action-hash=\"#elementor-action%3Aaction%3Dlightbox%26settings%3DeyJpZCI6NzEyLCJ1cmwiOiJodHRwczpcL1wvYmVsbG1hbm4tc2lsZW56aW8uZGVcL3dwLWNvbnRlbnRcL3VwbG9hZHNcLzIwMjVcLzA2XC9EU0M2MjcyLVZlcmJlc3NlcnQtTlIuanBnIiwic2xpZGVzaG93IjoiZWI5NGQ2OCJ9\" href='https:\/\/bellmann-silenzio.de\/wp-content\/uploads\/2025\/06\/DSC6272-Verbessert-NR.jpg'><img loading=\"lazy\" decoding=\"async\" width=\"150\" height=\"150\" src=\"https:\/\/bellmann-silenzio.de\/wp-content\/uploads\/2025\/06\/DSC6272-Verbessert-NR-150x150.jpg\" class=\"attachment-thumbnail size-thumbnail\" alt=\"\" aria-describedby=\"gallery-1-712\" \/><\/a>\n\t\t\t<\/div>\n\t\t\t\t<figcaption class='wp-caption-text gallery-caption' id='gallery-1-712'>\n\t\t\t\tBellmann Silenzio Bohrung\n\t\t\t\t<\/figcaption><\/figure><figure class='gallery-item'>\n\t\t\t<div class='gallery-icon landscape'>\n\t\t\t\t<a data-elementor-open-lightbox=\"yes\" data-elementor-lightbox-slideshow=\"eb94d68\" data-elementor-lightbox-title=\"_DSC6225-Verbessert-NR\" data-e-action-hash=\"#elementor-action%3Aaction%3Dlightbox%26settings%3DeyJpZCI6NzA5LCJ1cmwiOiJodHRwczpcL1wvYmVsbG1hbm4tc2lsZW56aW8uZGVcL3dwLWNvbnRlbnRcL3VwbG9hZHNcLzIwMjVcLzA2XC9EU0M2MjI1LVZlcmJlc3NlcnQtTlIuanBnIiwic2xpZGVzaG93IjoiZWI5NGQ2OCJ9\" href='https:\/\/bellmann-silenzio.de\/wp-content\/uploads\/2025\/06\/DSC6225-Verbessert-NR.jpg'><img loading=\"lazy\" decoding=\"async\" width=\"150\" height=\"150\" src=\"https:\/\/bellmann-silenzio.de\/wp-content\/uploads\/2025\/06\/DSC6225-Verbessert-NR-150x150.jpg\" class=\"attachment-thumbnail size-thumbnail\" alt=\"\" aria-describedby=\"gallery-1-709\" \/><\/a>\n\t\t\t<\/div>\n\t\t\t\t<figcaption class='wp-caption-text gallery-caption' id='gallery-1-709'>\n\t\t\t\tBellmann Silenzio Bohrung\n\t\t\t\t<\/figcaption><\/figure><figure class='gallery-item'>\n\t\t\t<div class='gallery-icon landscape'>\n\t\t\t\t<a data-elementor-open-lightbox=\"yes\" data-elementor-lightbox-slideshow=\"eb94d68\" data-elementor-lightbox-title=\"Ten Brinke &amp; Bellmann silenzio Berlin\" data-e-action-hash=\"#elementor-action%3Aaction%3Dlightbox%26settings%3DeyJpZCI6MTAxMSwidXJsIjoiaHR0cHM6XC9cL2JlbGxtYW5uLXNpbGVuemlvLmRlXC93cC1jb250ZW50XC91cGxvYWRzXC8yMDI1XC8wNlwvU3BvcnRwbGF0el9taXRfU2NocmlmdC5wbmciLCJzbGlkZXNob3ciOiJlYjk0ZDY4In0%3D\" data-elementor-lightbox-description=\"Ten Brinke &amp; Bellmann silenzio Berlin\" href='https:\/\/bellmann-silenzio.de\/wp-content\/uploads\/2025\/06\/Sportplatz_mit_Schrift.png'><img loading=\"lazy\" decoding=\"async\" width=\"150\" height=\"150\" src=\"https:\/\/bellmann-silenzio.de\/wp-content\/uploads\/2025\/06\/Sportplatz_mit_Schrift-150x150.png\" class=\"attachment-thumbnail size-thumbnail\" alt=\"\" aria-describedby=\"gallery-1-1011\" \/><\/a>\n\t\t\t<\/div>\n\t\t\t\t<figcaption class='wp-caption-text gallery-caption' id='gallery-1-1011'>\n\t\t\t\tTen Brinke &#038; Bellmann silenzio Berlin\n\t\t\t\t<\/figcaption><\/figure>\n\t\t<\/div>\n\t\t<\/div>\n\t\t\t\t\t\t<\/div>\n\t\t\t\t<\/div>\n\t\t\t\t<\/div>\n\t\t\t\t<\/div>\n\t\t\t\t\t<\/div>\n\t\t\t\t<\/div>\n\t\t<div class=\"elementor-element elementor-element-7ef1bd03 e-flex e-con-boxed e-con e-parent\" data-id=\"7ef1bd03\" data-element_type=\"container\" data-e-type=\"container\" data-settings=\"{&quot;background_background&quot;:&quot;classic&quot;}\">\n\t\t\t\t\t<div class=\"e-con-inner\">\n\t\t\t\t<div class=\"elementor-element elementor-element-6a0944aa elementor-widget elementor-widget-spacer\" data-id=\"6a0944aa\" data-element_type=\"widget\" data-e-type=\"widget\" data-widget_type=\"spacer.default\">\n\t\t\t\t<div class=\"elementor-widget-container\">\n\t\t\t\t\t\t\t<div class=\"elementor-spacer\">\n\t\t\t<div class=\"elementor-spacer-inner\"><\/div>\n\t\t<\/div>\n\t\t\t\t\t\t<\/div>\n\t\t\t\t<\/div>\n\t\t<div class=\"elementor-element elementor-element-2b7d8f6f e-con-full e-flex e-con e-child\" data-id=\"2b7d8f6f\" data-element_type=\"container\" data-e-type=\"container\">\n\t\t\t\t<div class=\"elementor-element elementor-element-89836fd elementor-align-center elementor-mobile-align-center elementor-widget elementor-widget-global elementor-global-1190 elementor-widget-button\" data-id=\"89836fd\" data-element_type=\"widget\" data-e-type=\"widget\" data-widget_type=\"button.default\">\n\t\t\t\t<div class=\"elementor-widget-container\">\n\t\t\t\t\t\t\t\t\t<div class=\"elementor-button-wrapper\">\n\t\t\t\t\t<a class=\"elementor-button elementor-button-link elementor-size-lg elementor-animation-grow\" href=\"https:\/\/bellmann-silenzio.de\/en\/kontakt-v2\/\">\n\t\t\t\t\t\t<span class=\"elementor-button-content-wrapper\">\n\t\t\t\t\t\t\t\t\t<span class=\"elementor-button-text\">Mehr Infos<\/span>\n\t\t\t\t\t<\/span>\n\t\t\t\t\t<\/a>\n\t\t\t\t<\/div>\n\t\t\t\t\t\t\t\t<\/div>\n\t\t\t\t<\/div>\n\t\t\t\t<\/div>\n\t\t\t\t\t<\/div>\n\t\t\t\t<\/div>\n\t\t\t\t<\/div>","protected":false},"excerpt":{"rendered":"<p>https:\/\/bellmann-silenzio.de\/wp-content\/uploads\/2025\/06\/Bellmann-Fenster-2025-Berlin.mp4 Projekt Ten Brinke Frische Luft ohne L\u00e4rm: Die Revolution f\u00fcr st\u00e4dtisches Wohnen L\u00e4rmbelastung in der Stadt? Das ist bald Geschichte. Mit den Bellmann silenzio Fenstern verwandeln Sie Ihr Zuhause in einen Ort der Ruhe, ohne auf frische Luft verzichten zu m\u00fcssen. Unser innovatives System bietet eine beeindruckende L\u00e4rmd\u00e4mpfung von\u00a0bis zu 36 dB selbst bei [&hellip;]<\/p>","protected":false},"author":1,"featured_media":0,"parent":0,"menu_order":0,"comment_status":"closed","ping_status":"closed","template":"","meta":{"footnotes":""},"class_list":["post-1176","page","type-page","status-publish","hentry"],"yoast_head":"<!-- This site is optimized with the Yoast SEO plugin v26.0 - https:\/\/yoast.com\/wordpress\/plugins\/seo\/ -->\n<title>Projekt Ten Brinke - Silenzio Schallschutz Fenster<\/title>\n<meta name=\"robots\" content=\"index, follow, max-snippet:-1, max-image-preview:large, max-video-preview:-1\" \/>\n<link rel=\"canonical\" href=\"https:\/\/bellmann-silenzio.de\/en\/ten-brinke-v2\/\" \/>\n<meta property=\"og:locale\" content=\"en_GB\" \/>\n<meta property=\"og:type\" content=\"article\" \/>\n<meta property=\"og:title\" content=\"Projekt Ten Brinke - Silenzio Schallschutz Fenster\" \/>\n<meta property=\"og:description\" content=\"https:\/\/bellmann-silenzio.de\/wp-content\/uploads\/2025\/06\/Bellmann-Fenster-2025-Berlin.mp4 Projekt Ten Brinke Frische Luft ohne L\u00e4rm: Die Revolution f\u00fcr st\u00e4dtisches Wohnen L\u00e4rmbelastung in der Stadt? Das ist bald Geschichte. Mit den Bellmann silenzio Fenstern verwandeln Sie Ihr Zuhause in einen Ort der Ruhe, ohne auf frische Luft verzichten zu m\u00fcssen. Unser innovatives System bietet eine beeindruckende L\u00e4rmd\u00e4mpfung von\u00a0bis zu 36 dB selbst bei [&hellip;]\" \/>\n<meta property=\"og:url\" content=\"https:\/\/bellmann-silenzio.de\/en\/ten-brinke-v2\/\" \/>\n<meta property=\"og:site_name\" content=\"Silenzio Schallschutz Fenster\" \/>\n<meta property=\"article:modified_time\" content=\"2025-09-22T18:16:08+00:00\" \/>\n<meta property=\"og:image\" content=\"https:\/\/bellmann-silenzio.de\/wp-content\/uploads\/2025\/06\/A7_08497-Verbessert-NR-150x150.jpg\" \/>\n<meta name=\"twitter:card\" content=\"summary_large_image\" \/>\n<meta name=\"twitter:label1\" content=\"Estimated reading time\" \/>\n\t<meta name=\"twitter:data1\" content=\"1 minute\" \/>\n<script type=\"application\/ld+json\" class=\"yoast-schema-graph\">{\"@context\":\"https:\/\/schema.org\",\"@graph\":[{\"@type\":\"WebPage\",\"@id\":\"https:\/\/bellmann-silenzio.de\/ten-brinke-v2\/\",\"url\":\"https:\/\/bellmann-silenzio.de\/ten-brinke-v2\/\",\"name\":\"Projekt Ten Brinke - Silenzio Schallschutz Fenster\",\"isPartOf\":{\"@id\":\"https:\/\/bellmann-silenzio.de\/en\/#website\"},\"primaryImageOfPage\":{\"@id\":\"https:\/\/bellmann-silenzio.de\/ten-brinke-v2\/#primaryimage\"},\"image\":{\"@id\":\"https:\/\/bellmann-silenzio.de\/ten-brinke-v2\/#primaryimage\"},\"thumbnailUrl\":\"https:\/\/bellmann-silenzio.de\/wp-content\/uploads\/2025\/06\/A7_08497-Verbessert-NR-150x150.jpg\",\"datePublished\":\"2025-09-17T12:25:26+00:00\",\"dateModified\":\"2025-09-22T18:16:08+00:00\",\"breadcrumb\":{\"@id\":\"https:\/\/bellmann-silenzio.de\/ten-brinke-v2\/#breadcrumb\"},\"inLanguage\":\"en-GB\",\"potentialAction\":[{\"@type\":\"ReadAction\",\"target\":[\"https:\/\/bellmann-silenzio.de\/ten-brinke-v2\/\"]}]},{\"@type\":\"ImageObject\",\"inLanguage\":\"en-GB\",\"@id\":\"https:\/\/bellmann-silenzio.de\/ten-brinke-v2\/#primaryimage\",\"url\":\"https:\/\/bellmann-silenzio.de\/wp-content\/uploads\/2025\/06\/A7_08497-Verbessert-NR-150x150.jpg\",\"contentUrl\":\"https:\/\/bellmann-silenzio.de\/wp-content\/uploads\/2025\/06\/A7_08497-Verbessert-NR-150x150.jpg\"},{\"@type\":\"BreadcrumbList\",\"@id\":\"https:\/\/bellmann-silenzio.de\/ten-brinke-v2\/#breadcrumb\",\"itemListElement\":[{\"@type\":\"ListItem\",\"position\":1,\"name\":\"Startseite\",\"item\":\"https:\/\/bellmann-silenzio.de\/\"},{\"@type\":\"ListItem\",\"position\":2,\"name\":\"Projekt Ten Brinke\"}]},{\"@type\":\"WebSite\",\"@id\":\"https:\/\/bellmann-silenzio.de\/en\/#website\",\"url\":\"https:\/\/bellmann-silenzio.de\/en\/\",\"name\":\"Silenzio Schallschutz Fenster\",\"description\":\"\",\"publisher\":{\"@id\":\"https:\/\/bellmann-silenzio.de\/en\/#organization\"},\"potentialAction\":[{\"@type\":\"SearchAction\",\"target\":{\"@type\":\"EntryPoint\",\"urlTemplate\":\"https:\/\/bellmann-silenzio.de\/en\/?s={search_term_string}\"},\"query-input\":{\"@type\":\"PropertyValueSpecification\",\"valueRequired\":true,\"valueName\":\"search_term_string\"}}],\"inLanguage\":\"en-GB\"},{\"@type\":\"Organization\",\"@id\":\"https:\/\/bellmann-silenzio.de\/en\/#organization\",\"name\":\"Bellmann\",\"url\":\"https:\/\/bellmann-silenzio.de\/en\/\",\"logo\":{\"@type\":\"ImageObject\",\"inLanguage\":\"en-GB\",\"@id\":\"https:\/\/bellmann-silenzio.de\/en\/#\/schema\/logo\/image\/\",\"url\":\"https:\/\/bellmann-silenzio.de\/wp-content\/uploads\/2024\/01\/2023-11-03_logo_silenzio_RGB.jpg\",\"contentUrl\":\"https:\/\/bellmann-silenzio.de\/wp-content\/uploads\/2024\/01\/2023-11-03_logo_silenzio_RGB.jpg\",\"width\":500,\"height\":354,\"caption\":\"Bellmann\"},\"image\":{\"@id\":\"https:\/\/bellmann-silenzio.de\/en\/#\/schema\/logo\/image\/\"},\"sameAs\":[\"https:\/\/www.youtube.com\/@BellmannSilenzio\"]}]}<\/script>\n<!-- \/ Yoast SEO plugin. -->","yoast_head_json":{"title":"Projekt Ten Brinke - Silenzio Schallschutz Fenster","robots":{"index":"index","follow":"follow","max-snippet":"max-snippet:-1","max-image-preview":"max-image-preview:large","max-video-preview":"max-video-preview:-1"},"canonical":"https:\/\/bellmann-silenzio.de\/en\/ten-brinke-v2\/","og_locale":"en_GB","og_type":"article","og_title":"Projekt Ten Brinke - Silenzio Schallschutz Fenster","og_description":"https:\/\/bellmann-silenzio.de\/wp-content\/uploads\/2025\/06\/Bellmann-Fenster-2025-Berlin.mp4 Projekt Ten Brinke Frische Luft ohne L\u00e4rm: Die Revolution f\u00fcr st\u00e4dtisches Wohnen L\u00e4rmbelastung in der Stadt? Das ist bald Geschichte. Mit den Bellmann silenzio Fenstern verwandeln Sie Ihr Zuhause in einen Ort der Ruhe, ohne auf frische Luft verzichten zu m\u00fcssen. Unser innovatives System bietet eine beeindruckende L\u00e4rmd\u00e4mpfung von\u00a0bis zu 36 dB selbst bei [&hellip;]","og_url":"https:\/\/bellmann-silenzio.de\/en\/ten-brinke-v2\/","og_site_name":"Silenzio Schallschutz Fenster","article_modified_time":"2025-09-22T18:16:08+00:00","og_image":[{"url":"https:\/\/bellmann-silenzio.de\/wp-content\/uploads\/2025\/06\/A7_08497-Verbessert-NR-150x150.jpg","type":"","width":"","height":""}],"twitter_card":"summary_large_image","twitter_misc":{"Estimated reading time":"1 minute"},"schema":{"@context":"https:\/\/schema.org","@graph":[{"@type":"WebPage","@id":"https:\/\/bellmann-silenzio.de\/ten-brinke-v2\/","url":"https:\/\/bellmann-silenzio.de\/ten-brinke-v2\/","name":"Projekt Ten Brinke - Silenzio Schallschutz Fenster","isPartOf":{"@id":"https:\/\/bellmann-silenzio.de\/en\/#website"},"primaryImageOfPage":{"@id":"https:\/\/bellmann-silenzio.de\/ten-brinke-v2\/#primaryimage"},"image":{"@id":"https:\/\/bellmann-silenzio.de\/ten-brinke-v2\/#primaryimage"},"thumbnailUrl":"https:\/\/bellmann-silenzio.de\/wp-content\/uploads\/2025\/06\/A7_08497-Verbessert-NR-150x150.jpg","datePublished":"2025-09-17T12:25:26+00:00","dateModified":"2025-09-22T18:16:08+00:00","breadcrumb":{"@id":"https:\/\/bellmann-silenzio.de\/ten-brinke-v2\/#breadcrumb"},"inLanguage":"en-GB","potentialAction":[{"@type":"ReadAction","target":["https:\/\/bellmann-silenzio.de\/ten-brinke-v2\/"]}]},{"@type":"ImageObject","inLanguage":"en-GB","@id":"https:\/\/bellmann-silenzio.de\/ten-brinke-v2\/#primaryimage","url":"https:\/\/bellmann-silenzio.de\/wp-content\/uploads\/2025\/06\/A7_08497-Verbessert-NR-150x150.jpg","contentUrl":"https:\/\/bellmann-silenzio.de\/wp-content\/uploads\/2025\/06\/A7_08497-Verbessert-NR-150x150.jpg"},{"@type":"BreadcrumbList","@id":"https:\/\/bellmann-silenzio.de\/ten-brinke-v2\/#breadcrumb","itemListElement":[{"@type":"ListItem","position":1,"name":"Startseite","item":"https:\/\/bellmann-silenzio.de\/"},{"@type":"ListItem","position":2,"name":"Projekt Ten Brinke"}]},{"@type":"WebSite","@id":"https:\/\/bellmann-silenzio.de\/en\/#website","url":"https:\/\/bellmann-silenzio.de\/en\/","name":"Silenzio Schallschutz Fenster","description":"","publisher":{"@id":"https:\/\/bellmann-silenzio.de\/en\/#organization"},"potentialAction":[{"@type":"SearchAction","target":{"@type":"EntryPoint","urlTemplate":"https:\/\/bellmann-silenzio.de\/en\/?s={search_term_string}"},"query-input":{"@type":"PropertyValueSpecification","valueRequired":true,"valueName":"search_term_string"}}],"inLanguage":"en-GB"},{"@type":"Organization","@id":"https:\/\/bellmann-silenzio.de\/en\/#organization","name":"Bellmann","url":"https:\/\/bellmann-silenzio.de\/en\/","logo":{"@type":"ImageObject","inLanguage":"en-GB","@id":"https:\/\/bellmann-silenzio.de\/en\/#\/schema\/logo\/image\/","url":"https:\/\/bellmann-silenzio.de\/wp-content\/uploads\/2024\/01\/2023-11-03_logo_silenzio_RGB.jpg","contentUrl":"https:\/\/bellmann-silenzio.de\/wp-content\/uploads\/2024\/01\/2023-11-03_logo_silenzio_RGB.jpg","width":500,"height":354,"caption":"Bellmann"},"image":{"@id":"https:\/\/bellmann-silenzio.de\/en\/#\/schema\/logo\/image\/"},"sameAs":["https:\/\/www.youtube.com\/@BellmannSilenzio"]}]}},"_links":{"self":[{"href":"https:\/\/bellmann-silenzio.de\/en\/wp-json\/wp\/v2\/pages\/1176","targetHints":{"allow":["GET"]}}],"collection":[{"href":"https:\/\/bellmann-silenzio.de\/en\/wp-json\/wp\/v2\/pages"}],"about":[{"href":"https:\/\/bellmann-silenzio.de\/en\/wp-json\/wp\/v2\/types\/page"}],"author":[{"embeddable":true,"href":"https:\/\/bellmann-silenzio.de\/en\/wp-json\/wp\/v2\/users\/1"}],"replies":[{"embeddable":true,"href":"https:\/\/bellmann-silenzio.de\/en\/wp-json\/wp\/v2\/comments?post=1176"}],"version-history":[{"count":10,"href":"https:\/\/bellmann-silenzio.de\/en\/wp-json\/wp\/v2\/pages\/1176\/revisions"}],"predecessor-version":[{"id":1522,"href":"https:\/\/bellmann-silenzio.de\/en\/wp-json\/wp\/v2\/pages\/1176\/revisions\/1522"}],"wp:attachment":[{"href":"https:\/\/bellmann-silenzio.de\/en\/wp-json\/wp\/v2\/media?parent=1176"}],"curies":[{"name":"wp","href":"https:\/\/api.w.org\/{rel}","templated":true}]}}