{"id":15,"date":"2024-01-17T12:17:59","date_gmt":"2024-01-17T11:17:59","guid":{"rendered":"http:\/\/bellmann-silenzio.de\/contact-us\/"},"modified":"2025-06-18T12:01:26","modified_gmt":"2025-06-18T10:01:26","slug":"impressum","status":"publish","type":"page","link":"https:\/\/bellmann-silenzio.de\/en\/impressum\/","title":{"rendered":"Imprint"},"content":{"rendered":"<div data-elementor-type=\"wp-page\" data-elementor-id=\"15\" class=\"elementor elementor-15\" data-elementor-post-type=\"page\">\n\t\t\t\t<div class=\"elementor-element elementor-element-24c16cf6 e-flex e-con-boxed e-con e-parent\" data-id=\"24c16cf6\" data-element_type=\"container\" data-e-type=\"container\">\n\t\t\t\t\t<div class=\"e-con-inner\">\n\t\t<div class=\"elementor-element elementor-element-71f79242 e-con-full e-flex e-con e-child\" data-id=\"71f79242\" data-element_type=\"container\" data-e-type=\"container\">\n\t\t\t\t<div class=\"elementor-element elementor-element-4083a1f8 elementor-invisible elementor-widget elementor-widget-heading\" data-id=\"4083a1f8\" data-element_type=\"widget\" data-e-type=\"widget\" data-settings=\"{&quot;_animation&quot;:&quot;fadeIn&quot;}\" data-widget_type=\"heading.default\">\n\t\t\t\t<div class=\"elementor-widget-container\">\n\t\t\t\t\t<h2 class=\"elementor-heading-title elementor-size-default\">Imprint<\/h2>\t\t\t\t<\/div>\n\t\t\t\t<\/div>\n\t\t\t\t<div class=\"elementor-element elementor-element-6eec4499 elementor-widget elementor-widget-text-editor\" data-id=\"6eec4499\" data-element_type=\"widget\" data-e-type=\"widget\" data-widget_type=\"text-editor.default\">\n\t\t\t\t<div class=\"elementor-widget-container\">\n\t\t\t\t\t\t\t\t\t<p><strong>Imprint<\/strong><\/p>\n<p><strong>Angaben gem\u00e4\u00df \u00a7 5 TMG:<\/strong><\/p>\n<p>WEIT F\u00fchrung GmbH<br>(f\u00fcr Alusysteme-Metallbau Bellmann GmbH)<br>Kathenweg 8<br>01139 Dresden<br>Deutschland<\/p>\n<p><strong>Vertreten durch:&nbsp;<\/strong>Heiko Weit<\/p>\n<p><strong style=\"color: var( --e-global-color-text ); font-family: var( --e-global-typography-text-font-family ), Sans-serif; font-size: var( --e-global-typography-text-font-size ); font-style: var( --e-global-typography-text-font-style ); letter-spacing: var( --e-global-typography-text-letter-spacing ); text-transform: var( --e-global-typography-text-text-transform ); text-align: var(--text-align); background-color: var( --e-global-color-c696dce );\">Kontakt:<\/strong><\/p>\n<p>Telefon: +49 171 &#8211; 46 50 716<br>E-Mail: heiko.weit[at]<a href=\"http:\/\/bellmann.de\/\">bellmann.de<\/a><\/p>\n<p><strong>Registereintrag:<\/strong><br>Eintragung im Handelsregister.<br>Registergericht: Dresden<br>Registernummer: HRB 35614<\/p>\n<p><strong>Umsatzsteuer-ID:<\/strong><br>Umsatzsteuer-Identifikationsnummer gem\u00e4\u00df \u00a727 a Umsatzsteuergesetz:<br>DE255625018<\/p>\n<p><strong>Verantwortlich f\u00fcr den Inhalt nach \u00a7 55 Abs. 2 RStV:<\/strong><br>WEIT F\u00fchrung GmbH<br>Adresse wie oben<\/p>\n<p><strong>Webentwicklung:<\/strong><br>C90 Media<br>Hamburger Stra\u00dfe 39b<br>01067 Dresden<br>Webseite: <a href=\"http:\/\/www.c90.media\/\" target=\"_new\">www.c90.media<\/a><\/p>\n<p><strong>Haftungsausschluss (Disclaimer):<\/strong><br>Haftung f\u00fcr Inhalte<br>Als Diensteanbieter sind wir gem\u00e4\u00df \u00a7 7 Abs.1 TMG f\u00fcr eigene Inhalte auf diesen Seiten nach den allgemeinen Gesetzen verantwortlich. Nach \u00a7\u00a7 8 bis 10 TMG sind wir als Diensteanbieter jedoch nicht verpflichtet, \u00fcbermittelte oder gespeicherte fremde Informationen zu \u00fcberwachen oder nach Umst\u00e4nden zu forschen, die auf eine rechtswidrige T\u00e4tigkeit hinweisen. Verpflichtungen zur Entfernung oder Sperrung der Nutzung von Informationen nach den allgemeinen Gesetzen bleiben hiervon unber\u00fchrt. Eine diesbez\u00fcgliche Haftung ist jedoch erst ab dem Zeitpunkt der Kenntnis einer konkreten Rechtsverletzung m\u00f6glich. Bei Bekanntwerden von entsprechenden Rechtsverletzungen werden wir diese Inhalte umgehend entfernen.<\/p>\n<p>Haftung f\u00fcr Links<br>Unser Angebot enth\u00e4lt Links zu externen Websites Dritter, auf deren Inhalte wir keinen Einfluss haben. Deshalb k\u00f6nnen wir f\u00fcr diese fremden Inhalte auch keine Gew\u00e4hr \u00fcbernehmen. F\u00fcr die Inhalte der verlinkten Seiten ist stets der jeweilige Anbieter oder Betreiber der Seiten verantwortlich. Die verlinkten Seiten wurden zum Zeitpunkt der Verlinkung auf m\u00f6gliche Rechtsverst\u00f6\u00dfe \u00fcberpr\u00fcft. Rechtswidrige Inhalte waren zum Zeitpunkt der Verlinkung nicht erkennbar. Eine permanente inhaltliche Kontrolle der verlinkten Seiten ist jedoch ohne konkrete Anhaltspunkte einer Rechtsverletzung nicht zumutbar. Bei Bekanntwerden von Rechtsverletzungen werden wir derartige Links umgehend entfernen.<\/p>\n<p><strong>Urheberrecht:<\/strong><br>Die durch die Seitenbetreiber erstellten Inhalte und Werke auf diesen Seiten unterliegen dem deutschen Urheberrecht. Die Vervielf\u00e4ltigung, Bearbeitung, Verbreitung und jede Art der Verwertung au\u00dferhalb der Grenzen des Urheberrechts bed\u00fcrfen der schriftlichen Zustimmung des jeweiligen Autors bzw. Erstellers. Downloads und Kopien dieser Seite sind nur f\u00fcr den privaten, nicht kommerziellen Gebrauch gestattet. Soweit die Inhalte auf dieser Seite nicht vom Betreiber erstellt wurden, werden die Urheberrechte Dritter beachtet. Insbesondere werden Inhalte Dritter als solche gekennzeichnet. Sollten Sie trotzdem auf eine Urheberrechtsverletzung aufmerksam werden, bitten wir um einen entsprechenden Hinweis. Bei Bekanntwerden von Rechtsverletzungen werden wir derartige Inhalte umgehend entfernen.<\/p>\t\t\t\t\t\t\t\t<\/div>\n\t\t\t\t<\/div>\n\t\t\t\t<\/div>\n\t\t\t\t\t<\/div>\n\t\t\t\t<\/div>\n\t\t\t\t<\/div>","protected":false},"excerpt":{"rendered":"<p>Impressum Impressum Angaben gem\u00e4\u00df \u00a7 5 TMG: WEIT F\u00fchrung GmbH(f\u00fcr Alusysteme-Metallbau Bellmann GmbH)Kathenweg 801139 DresdenDeutschland Vertreten durch:&nbsp;Heiko Weit Kontakt: Telefon: +49 171 &#8211; 46 50 716E-Mail: heiko.weit[at]bellmann.de Registereintrag:Eintragung im Handelsregister.Registergericht: DresdenRegisternummer: HRB 35614 Umsatzsteuer-ID:Umsatzsteuer-Identifikationsnummer gem\u00e4\u00df \u00a727 a Umsatzsteuergesetz:DE255625018 Verantwortlich f\u00fcr den Inhalt nach \u00a7 55 Abs. 2 RStV:WEIT F\u00fchrung GmbHAdresse wie oben Webentwicklung:C90 MediaHamburger Stra\u00dfe [&hellip;]<\/p>","protected":false},"author":1,"featured_media":0,"parent":0,"menu_order":0,"comment_status":"closed","ping_status":"closed","template":"elementor_header_footer","meta":{"footnotes":""},"class_list":["post-15","page","type-page","status-publish","hentry"],"yoast_head":"<!-- This site is optimized with the Yoast SEO plugin v26.0 - https:\/\/yoast.com\/wordpress\/plugins\/seo\/ -->\n<title>Impressum - Silenzio Schallschutz Fenster<\/title>\n<meta name=\"robots\" content=\"index, follow, max-snippet:-1, max-image-preview:large, max-video-preview:-1\" \/>\n<link rel=\"canonical\" href=\"https:\/\/bellmann-silenzio.de\/en\/impressum\/\" \/>\n<meta property=\"og:locale\" content=\"en_GB\" \/>\n<meta property=\"og:type\" content=\"article\" \/>\n<meta property=\"og:title\" content=\"Impressum - Silenzio Schallschutz Fenster\" \/>\n<meta property=\"og:description\" content=\"Impressum Impressum Angaben gem\u00e4\u00df \u00a7 5 TMG: WEIT F\u00fchrung GmbH(f\u00fcr Alusysteme-Metallbau Bellmann GmbH)Kathenweg 801139 DresdenDeutschland Vertreten durch:&nbsp;Heiko Weit Kontakt: Telefon: +49 171 &#8211; 46 50 716E-Mail: heiko.weit[at]bellmann.de Registereintrag:Eintragung im Handelsregister.Registergericht: DresdenRegisternummer: HRB 35614 Umsatzsteuer-ID:Umsatzsteuer-Identifikationsnummer gem\u00e4\u00df \u00a727 a Umsatzsteuergesetz:DE255625018 Verantwortlich f\u00fcr den Inhalt nach \u00a7 55 Abs. 2 RStV:WEIT F\u00fchrung GmbHAdresse wie oben Webentwicklung:C90 MediaHamburger Stra\u00dfe [&hellip;]\" \/>\n<meta property=\"og:url\" content=\"https:\/\/bellmann-silenzio.de\/en\/impressum\/\" \/>\n<meta property=\"og:site_name\" content=\"Silenzio Schallschutz Fenster\" \/>\n<meta property=\"article:modified_time\" content=\"2025-06-18T10:01:26+00:00\" \/>\n<meta name=\"twitter:card\" content=\"summary_large_image\" \/>\n<meta name=\"twitter:label1\" content=\"Estimated reading time\" \/>\n\t<meta name=\"twitter:data1\" content=\"2 minutes\" \/>\n<script type=\"application\/ld+json\" class=\"yoast-schema-graph\">{\"@context\":\"https:\/\/schema.org\",\"@graph\":[{\"@type\":\"WebPage\",\"@id\":\"https:\/\/bellmann-silenzio.de\/impressum\/\",\"url\":\"https:\/\/bellmann-silenzio.de\/impressum\/\",\"name\":\"Impressum - Silenzio Schallschutz Fenster\",\"isPartOf\":{\"@id\":\"https:\/\/bellmann-silenzio.de\/en\/#website\"},\"datePublished\":\"2024-01-17T11:17:59+00:00\",\"dateModified\":\"2025-06-18T10:01:26+00:00\",\"breadcrumb\":{\"@id\":\"https:\/\/bellmann-silenzio.de\/impressum\/#breadcrumb\"},\"inLanguage\":\"en-GB\",\"potentialAction\":[{\"@type\":\"ReadAction\",\"target\":[\"https:\/\/bellmann-silenzio.de\/impressum\/\"]}]},{\"@type\":\"BreadcrumbList\",\"@id\":\"https:\/\/bellmann-silenzio.de\/impressum\/#breadcrumb\",\"itemListElement\":[{\"@type\":\"ListItem\",\"position\":1,\"name\":\"Startseite\",\"item\":\"https:\/\/bellmann-silenzio.de\/\"},{\"@type\":\"ListItem\",\"position\":2,\"name\":\"Impressum\"}]},{\"@type\":\"WebSite\",\"@id\":\"https:\/\/bellmann-silenzio.de\/en\/#website\",\"url\":\"https:\/\/bellmann-silenzio.de\/en\/\",\"name\":\"Silenzio Schallschutz Fenster\",\"description\":\"\",\"publisher\":{\"@id\":\"https:\/\/bellmann-silenzio.de\/en\/#organization\"},\"potentialAction\":[{\"@type\":\"SearchAction\",\"target\":{\"@type\":\"EntryPoint\",\"urlTemplate\":\"https:\/\/bellmann-silenzio.de\/en\/?s={search_term_string}\"},\"query-input\":{\"@type\":\"PropertyValueSpecification\",\"valueRequired\":true,\"valueName\":\"search_term_string\"}}],\"inLanguage\":\"en-GB\"},{\"@type\":\"Organization\",\"@id\":\"https:\/\/bellmann-silenzio.de\/en\/#organization\",\"name\":\"Bellmann\",\"url\":\"https:\/\/bellmann-silenzio.de\/en\/\",\"logo\":{\"@type\":\"ImageObject\",\"inLanguage\":\"en-GB\",\"@id\":\"https:\/\/bellmann-silenzio.de\/en\/#\/schema\/logo\/image\/\",\"url\":\"https:\/\/bellmann-silenzio.de\/wp-content\/uploads\/2024\/01\/2023-11-03_logo_silenzio_RGB.jpg\",\"contentUrl\":\"https:\/\/bellmann-silenzio.de\/wp-content\/uploads\/2024\/01\/2023-11-03_logo_silenzio_RGB.jpg\",\"width\":500,\"height\":354,\"caption\":\"Bellmann\"},\"image\":{\"@id\":\"https:\/\/bellmann-silenzio.de\/en\/#\/schema\/logo\/image\/\"},\"sameAs\":[\"https:\/\/www.youtube.com\/@BellmannSilenzio\"]}]}<\/script>\n<!-- \/ Yoast SEO plugin. -->","yoast_head_json":{"title":"Impressum - Silenzio Schallschutz Fenster","robots":{"index":"index","follow":"follow","max-snippet":"max-snippet:-1","max-image-preview":"max-image-preview:large","max-video-preview":"max-video-preview:-1"},"canonical":"https:\/\/bellmann-silenzio.de\/en\/impressum\/","og_locale":"en_GB","og_type":"article","og_title":"Impressum - Silenzio Schallschutz Fenster","og_description":"Impressum Impressum Angaben gem\u00e4\u00df \u00a7 5 TMG: WEIT F\u00fchrung GmbH(f\u00fcr Alusysteme-Metallbau Bellmann GmbH)Kathenweg 801139 DresdenDeutschland Vertreten durch:&nbsp;Heiko Weit Kontakt: Telefon: +49 171 &#8211; 46 50 716E-Mail: heiko.weit[at]bellmann.de Registereintrag:Eintragung im Handelsregister.Registergericht: DresdenRegisternummer: HRB 35614 Umsatzsteuer-ID:Umsatzsteuer-Identifikationsnummer gem\u00e4\u00df \u00a727 a Umsatzsteuergesetz:DE255625018 Verantwortlich f\u00fcr den Inhalt nach \u00a7 55 Abs. 2 RStV:WEIT F\u00fchrung GmbHAdresse wie oben Webentwicklung:C90 MediaHamburger Stra\u00dfe [&hellip;]","og_url":"https:\/\/bellmann-silenzio.de\/en\/impressum\/","og_site_name":"Silenzio Schallschutz Fenster","article_modified_time":"2025-06-18T10:01:26+00:00","twitter_card":"summary_large_image","twitter_misc":{"Estimated reading time":"2 minutes"},"schema":{"@context":"https:\/\/schema.org","@graph":[{"@type":"WebPage","@id":"https:\/\/bellmann-silenzio.de\/impressum\/","url":"https:\/\/bellmann-silenzio.de\/impressum\/","name":"Impressum - Silenzio Schallschutz Fenster","isPartOf":{"@id":"https:\/\/bellmann-silenzio.de\/en\/#website"},"datePublished":"2024-01-17T11:17:59+00:00","dateModified":"2025-06-18T10:01:26+00:00","breadcrumb":{"@id":"https:\/\/bellmann-silenzio.de\/impressum\/#breadcrumb"},"inLanguage":"en-GB","potentialAction":[{"@type":"ReadAction","target":["https:\/\/bellmann-silenzio.de\/impressum\/"]}]},{"@type":"BreadcrumbList","@id":"https:\/\/bellmann-silenzio.de\/impressum\/#breadcrumb","itemListElement":[{"@type":"ListItem","position":1,"name":"Startseite","item":"https:\/\/bellmann-silenzio.de\/"},{"@type":"ListItem","position":2,"name":"Impressum"}]},{"@type":"WebSite","@id":"https:\/\/bellmann-silenzio.de\/en\/#website","url":"https:\/\/bellmann-silenzio.de\/en\/","name":"Silenzio Schallschutz Fenster","description":"","publisher":{"@id":"https:\/\/bellmann-silenzio.de\/en\/#organization"},"potentialAction":[{"@type":"SearchAction","target":{"@type":"EntryPoint","urlTemplate":"https:\/\/bellmann-silenzio.de\/en\/?s={search_term_string}"},"query-input":{"@type":"PropertyValueSpecification","valueRequired":true,"valueName":"search_term_string"}}],"inLanguage":"en-GB"},{"@type":"Organization","@id":"https:\/\/bellmann-silenzio.de\/en\/#organization","name":"Bellmann","url":"https:\/\/bellmann-silenzio.de\/en\/","logo":{"@type":"ImageObject","inLanguage":"en-GB","@id":"https:\/\/bellmann-silenzio.de\/en\/#\/schema\/logo\/image\/","url":"https:\/\/bellmann-silenzio.de\/wp-content\/uploads\/2024\/01\/2023-11-03_logo_silenzio_RGB.jpg","contentUrl":"https:\/\/bellmann-silenzio.de\/wp-content\/uploads\/2024\/01\/2023-11-03_logo_silenzio_RGB.jpg","width":500,"height":354,"caption":"Bellmann"},"image":{"@id":"https:\/\/bellmann-silenzio.de\/en\/#\/schema\/logo\/image\/"},"sameAs":["https:\/\/www.youtube.com\/@BellmannSilenzio"]}]}},"_links":{"self":[{"href":"https:\/\/bellmann-silenzio.de\/en\/wp-json\/wp\/v2\/pages\/15","targetHints":{"allow":["GET"]}}],"collection":[{"href":"https:\/\/bellmann-silenzio.de\/en\/wp-json\/wp\/v2\/pages"}],"about":[{"href":"https:\/\/bellmann-silenzio.de\/en\/wp-json\/wp\/v2\/types\/page"}],"author":[{"embeddable":true,"href":"https:\/\/bellmann-silenzio.de\/en\/wp-json\/wp\/v2\/users\/1"}],"replies":[{"embeddable":true,"href":"https:\/\/bellmann-silenzio.de\/en\/wp-json\/wp\/v2\/comments?post=15"}],"version-history":[{"count":10,"href":"https:\/\/bellmann-silenzio.de\/en\/wp-json\/wp\/v2\/pages\/15\/revisions"}],"predecessor-version":[{"id":976,"href":"https:\/\/bellmann-silenzio.de\/en\/wp-json\/wp\/v2\/pages\/15\/revisions\/976"}],"wp:attachment":[{"href":"https:\/\/bellmann-silenzio.de\/en\/wp-json\/wp\/v2\/media?parent=15"}],"curies":[{"name":"wp","href":"https:\/\/api.w.org\/{rel}","templated":true}]}}